{"id":358,"date":"2024-01-30T16:53:26","date_gmt":"2024-01-30T15:53:26","guid":{"rendered":"https:\/\/doremifasound.com\/?page_id=358"},"modified":"2024-02-01T03:26:29","modified_gmt":"2024-02-01T02:26:29","slug":"servicios","status":"publish","type":"page","link":"https:\/\/doremifasound.com\/en\/servicios\/","title":{"rendered":"Servicios"},"content":{"rendered":"<div data-elementor-type=\"wp-page\" data-elementor-id=\"358\" class=\"elementor elementor-358\" data-elementor-post-type=\"page\">\n\t\t\t\t\t\t<section class=\"elementor-section elementor-top-section elementor-element elementor-element-15ed9b8 elementor-section-boxed elementor-section-height-default elementor-section-height-default\" data-id=\"15ed9b8\" data-element_type=\"section\" data-e-type=\"section\" data-settings=\"{&quot;background_background&quot;:&quot;classic&quot;}\">\n\t\t\t\t\t\t\t<div class=\"elementor-background-overlay\"><\/div>\n\t\t\t\t\t\t\t<div class=\"elementor-container elementor-column-gap-default\">\n\t\t\t\t\t<div class=\"elementor-column elementor-col-100 elementor-top-column elementor-element elementor-element-8abbb61\" data-id=\"8abbb61\" data-element_type=\"column\" data-e-type=\"column\">\n\t\t\t<div class=\"elementor-widget-wrap elementor-element-populated\">\n\t\t\t\t\t\t<section class=\"elementor-section elementor-inner-section elementor-element elementor-element-b257b9e elementor-section-boxed elementor-section-height-default elementor-section-height-default\" data-id=\"b257b9e\" data-element_type=\"section\" data-e-type=\"section\">\n\t\t\t\t\t\t<div class=\"elementor-container elementor-column-gap-no\">\n\t\t\t\t\t<div class=\"elementor-column elementor-col-100 elementor-inner-column elementor-element elementor-element-204c1ed\" data-id=\"204c1ed\" data-element_type=\"column\" data-e-type=\"column\">\n\t\t\t<div class=\"elementor-widget-wrap elementor-element-populated\">\n\t\t\t\t\t\t\t<\/div>\n\t\t<\/div>\n\t\t\t\t\t<\/div>\n\t\t<\/section>\n\t\t\t\t\t<\/div>\n\t\t<\/div>\n\t\t\t\t\t<\/div>\n\t\t<\/section>\n\t\t\t\t<section class=\"elementor-section elementor-top-section elementor-element elementor-element-d3cea37 elementor-reverse-tablet elementor-reverse-mobile elementor-section-boxed elementor-section-height-default elementor-section-height-default\" data-id=\"d3cea37\" data-element_type=\"section\" data-e-type=\"section\">\n\t\t\t\t\t\t<div class=\"elementor-container elementor-column-gap-default\">\n\t\t\t\t\t<div class=\"elementor-column elementor-col-50 elementor-top-column elementor-element elementor-element-0a01472\" data-id=\"0a01472\" data-element_type=\"column\" data-e-type=\"column\">\n\t\t\t<div class=\"elementor-widget-wrap elementor-element-populated\">\n\t\t\t\t\t\t<section class=\"elementor-section elementor-inner-section elementor-element elementor-element-79e8ae5 elementor-section-boxed elementor-section-height-default elementor-section-height-default\" data-id=\"79e8ae5\" data-element_type=\"section\" data-e-type=\"section\">\n\t\t\t\t\t\t<div class=\"elementor-container elementor-column-gap-no\">\n\t\t\t\t\t<div class=\"elementor-column elementor-col-50 elementor-inner-column elementor-element elementor-element-c7b7365 elementor-invisible\" data-id=\"c7b7365\" data-element_type=\"column\" data-e-type=\"column\" data-settings=\"{&quot;animation&quot;:&quot;fadeInUp&quot;}\">\n\t\t\t<div class=\"elementor-widget-wrap elementor-element-populated\">\n\t\t\t\t\t\t<div class=\"elementor-element elementor-element-72826d8 elementor-widget elementor-widget-image\" data-id=\"72826d8\" data-element_type=\"widget\" data-e-type=\"widget\" data-widget_type=\"image.default\">\n\t\t\t\t<div class=\"elementor-widget-container\">\n\t\t\t\t\t\t\t\t\t\t\t\t\t\t\t<img fetchpriority=\"high\" decoding=\"async\" width=\"1066\" height=\"1600\" src=\"https:\/\/doremifasound.com\/wp-content\/uploads\/2024\/01\/WhatsApp-Image-2024-01-29-at-9.04.02-PM2.jpeg\" class=\"attachment-full size-full wp-image-361\" alt=\"\" srcset=\"https:\/\/doremifasound.com\/wp-content\/uploads\/2024\/01\/WhatsApp-Image-2024-01-29-at-9.04.02-PM2.jpeg 1066w, https:\/\/doremifasound.com\/wp-content\/uploads\/2024\/01\/WhatsApp-Image-2024-01-29-at-9.04.02-PM2-200x300.jpeg 200w, https:\/\/doremifasound.com\/wp-content\/uploads\/2024\/01\/WhatsApp-Image-2024-01-29-at-9.04.02-PM2-682x1024.jpeg 682w, https:\/\/doremifasound.com\/wp-content\/uploads\/2024\/01\/WhatsApp-Image-2024-01-29-at-9.04.02-PM2-768x1153.jpeg 768w, https:\/\/doremifasound.com\/wp-content\/uploads\/2024\/01\/WhatsApp-Image-2024-01-29-at-9.04.02-PM2-1023x1536.jpeg 1023w, https:\/\/doremifasound.com\/wp-content\/uploads\/2024\/01\/WhatsApp-Image-2024-01-29-at-9.04.02-PM2-8x12.jpeg 8w\" sizes=\"(max-width: 1066px) 100vw, 1066px\" \/>\t\t\t\t\t\t\t\t\t\t\t\t\t\t\t<\/div>\n\t\t\t\t<\/div>\n\t\t\t\t\t<\/div>\n\t\t<\/div>\n\t\t\t\t<div class=\"elementor-column elementor-col-50 elementor-inner-column elementor-element elementor-element-7aef3ae\" data-id=\"7aef3ae\" data-element_type=\"column\" data-e-type=\"column\">\n\t\t\t<div class=\"elementor-widget-wrap elementor-element-populated\">\n\t\t\t\t\t\t<div class=\"elementor-element elementor-element-3edb28e elementor-invisible elementor-widget elementor-widget-image\" data-id=\"3edb28e\" data-element_type=\"widget\" data-e-type=\"widget\" data-settings=\"{&quot;_animation&quot;:&quot;fadeInLeft&quot;}\" data-widget_type=\"image.default\">\n\t\t\t\t<div class=\"elementor-widget-container\">\n\t\t\t\t\t\t\t\t\t\t\t\t\t\t\t<img decoding=\"async\" width=\"1600\" height=\"914\" src=\"https:\/\/doremifasound.com\/wp-content\/uploads\/2024\/01\/WhatsApp-Image-2024-01-29-at-9.04.02-PM1.jpeg\" class=\"attachment-full size-full wp-image-362\" alt=\"\" srcset=\"https:\/\/doremifasound.com\/wp-content\/uploads\/2024\/01\/WhatsApp-Image-2024-01-29-at-9.04.02-PM1.jpeg 1600w, https:\/\/doremifasound.com\/wp-content\/uploads\/2024\/01\/WhatsApp-Image-2024-01-29-at-9.04.02-PM1-300x171.jpeg 300w, https:\/\/doremifasound.com\/wp-content\/uploads\/2024\/01\/WhatsApp-Image-2024-01-29-at-9.04.02-PM1-1024x585.jpeg 1024w, https:\/\/doremifasound.com\/wp-content\/uploads\/2024\/01\/WhatsApp-Image-2024-01-29-at-9.04.02-PM1-768x439.jpeg 768w, https:\/\/doremifasound.com\/wp-content\/uploads\/2024\/01\/WhatsApp-Image-2024-01-29-at-9.04.02-PM1-1536x877.jpeg 1536w, https:\/\/doremifasound.com\/wp-content\/uploads\/2024\/01\/WhatsApp-Image-2024-01-29-at-9.04.02-PM1-18x10.jpeg 18w\" sizes=\"(max-width: 1600px) 100vw, 1600px\" \/>\t\t\t\t\t\t\t\t\t\t\t\t\t\t\t<\/div>\n\t\t\t\t<\/div>\n\t\t\t\t<div class=\"elementor-element elementor-element-53f5114 elementor-invisible elementor-widget elementor-widget-image\" data-id=\"53f5114\" data-element_type=\"widget\" data-e-type=\"widget\" data-settings=\"{&quot;_animation&quot;:&quot;fadeInRight&quot;}\" data-widget_type=\"image.default\">\n\t\t\t\t<div class=\"elementor-widget-container\">\n\t\t\t\t\t\t\t\t\t\t\t\t\t\t\t<img decoding=\"async\" width=\"1600\" height=\"1066\" src=\"https:\/\/doremifasound.com\/wp-content\/uploads\/2024\/01\/WhatsApp-Image-2024-01-29-at-9.04.02-PM.jpeg\" class=\"attachment-full size-full wp-image-363\" alt=\"\" srcset=\"https:\/\/doremifasound.com\/wp-content\/uploads\/2024\/01\/WhatsApp-Image-2024-01-29-at-9.04.02-PM.jpeg 1600w, https:\/\/doremifasound.com\/wp-content\/uploads\/2024\/01\/WhatsApp-Image-2024-01-29-at-9.04.02-PM-300x200.jpeg 300w, https:\/\/doremifasound.com\/wp-content\/uploads\/2024\/01\/WhatsApp-Image-2024-01-29-at-9.04.02-PM-1024x682.jpeg 1024w, https:\/\/doremifasound.com\/wp-content\/uploads\/2024\/01\/WhatsApp-Image-2024-01-29-at-9.04.02-PM-768x512.jpeg 768w, https:\/\/doremifasound.com\/wp-content\/uploads\/2024\/01\/WhatsApp-Image-2024-01-29-at-9.04.02-PM-1536x1023.jpeg 1536w, https:\/\/doremifasound.com\/wp-content\/uploads\/2024\/01\/WhatsApp-Image-2024-01-29-at-9.04.02-PM-18x12.jpeg 18w\" sizes=\"(max-width: 1600px) 100vw, 1600px\" \/>\t\t\t\t\t\t\t\t\t\t\t\t\t\t\t<\/div>\n\t\t\t\t<\/div>\n\t\t\t\t\t<\/div>\n\t\t<\/div>\n\t\t\t\t\t<\/div>\n\t\t<\/section>\n\t\t\t\t\t<\/div>\n\t\t<\/div>\n\t\t\t\t<div class=\"elementor-column elementor-col-50 elementor-top-column elementor-element elementor-element-9a8cabb\" data-id=\"9a8cabb\" data-element_type=\"column\" data-e-type=\"column\">\n\t\t\t<div class=\"elementor-widget-wrap elementor-element-populated\">\n\t\t\t\t\t\t<div class=\"elementor-element elementor-element-acf716f elementor-invisible elementor-widget elementor-widget-heading\" data-id=\"acf716f\" data-element_type=\"widget\" data-e-type=\"widget\" data-settings=\"{&quot;_animation&quot;:&quot;fadeInUp&quot;}\" data-widget_type=\"heading.default\">\n\t\t\t\t<div class=\"elementor-widget-container\">\n\t\t\t\t\t<h2 class=\"elementor-heading-title elementor-size-default\">WE HELP YOU<\/h2>\t\t\t\t<\/div>\n\t\t\t\t<\/div>\n\t\t\t\t<div class=\"elementor-element elementor-element-fd4f511 elementor-widget elementor-widget-text-editor\" data-id=\"fd4f511\" data-element_type=\"widget\" data-e-type=\"widget\" data-widget_type=\"text-editor.default\">\n\t\t\t\t<div class=\"elementor-widget-container\">\n\t\t\t\t\t\t\t\t\t<p>At DoremiofaSound, we take pride in offering a variety of specialized services designed to boost your music career. Our mission is to support you at every step of your artistic journey, providing you with the necessary tools and guidance to achieve success. Discover how we can collaborate with you:<\/p>\t\t\t\t\t\t\t\t<\/div>\n\t\t\t\t<\/div>\n\t\t\t\t\t<\/div>\n\t\t<\/div>\n\t\t\t\t\t<\/div>\n\t\t<\/section>\n\t\t\t\t<section class=\"elementor-section elementor-top-section elementor-element elementor-element-6b61463 elementor-section-content-middle elementor-section-boxed elementor-section-height-default elementor-section-height-default\" data-id=\"6b61463\" data-element_type=\"section\" data-e-type=\"section\" data-settings=\"{&quot;background_background&quot;:&quot;classic&quot;}\">\n\t\t\t\t\t\t<div class=\"elementor-container elementor-column-gap-wider\">\n\t\t\t\t\t<div class=\"elementor-column elementor-col-50 elementor-top-column elementor-element elementor-element-0e8bd7b\" data-id=\"0e8bd7b\" data-element_type=\"column\" data-e-type=\"column\">\n\t\t\t<div class=\"elementor-widget-wrap elementor-element-populated\">\n\t\t\t\t\t\t<div class=\"elementor-element elementor-element-f16e2ab elementor-widget elementor-widget-text-editor\" data-id=\"f16e2ab\" data-element_type=\"widget\" data-e-type=\"widget\" data-widget_type=\"text-editor.default\">\n\t\t\t\t<div class=\"elementor-widget-container\">\n\t\t\t\t\t\t\t\t\t<p><strong>Artistic Connection:<\/strong><br \/>Connect with industry professionals who share your vision and can help expand your network. We facilitate encounters that can lead to fruitful collaborations and exciting opportunities.<\/p><p><strong>Copyright Advisory:<\/strong><br \/>Protect your work and ensure you receive the recognition you deserve. Our team of copyright experts is here to guide you through legal aspects, ensuring that your creations are properly protected.<\/p>\t\t\t\t\t\t\t\t<\/div>\n\t\t\t\t<\/div>\n\t\t\t\t\t<\/div>\n\t\t<\/div>\n\t\t\t\t<div class=\"elementor-column elementor-col-50 elementor-top-column elementor-element elementor-element-5652f40\" data-id=\"5652f40\" data-element_type=\"column\" data-e-type=\"column\">\n\t\t\t<div class=\"elementor-widget-wrap elementor-element-populated\">\n\t\t\t\t\t\t<div class=\"elementor-element elementor-element-41ab831 elementor-widget elementor-widget-image\" data-id=\"41ab831\" data-element_type=\"widget\" data-e-type=\"widget\" data-widget_type=\"image.default\">\n\t\t\t\t<div class=\"elementor-widget-container\">\n\t\t\t\t\t\t\t\t\t\t\t\t\t\t\t<img loading=\"lazy\" decoding=\"async\" width=\"800\" height=\"533\" src=\"https:\/\/doremifasound.com\/wp-content\/uploads\/2024\/01\/podcaster-sitting-in-studio-1024x682.jpg\" class=\"attachment-large size-large wp-image-53\" alt=\"\" srcset=\"https:\/\/doremifasound.com\/wp-content\/uploads\/2024\/01\/podcaster-sitting-in-studio-1024x682.jpg 1024w, https:\/\/doremifasound.com\/wp-content\/uploads\/2024\/01\/podcaster-sitting-in-studio-300x200.jpg 300w, https:\/\/doremifasound.com\/wp-content\/uploads\/2024\/01\/podcaster-sitting-in-studio-768x512.jpg 768w, https:\/\/doremifasound.com\/wp-content\/uploads\/2024\/01\/podcaster-sitting-in-studio.jpg 1280w\" sizes=\"(max-width: 800px) 100vw, 800px\" \/>\t\t\t\t\t\t\t\t\t\t\t\t\t\t\t<\/div>\n\t\t\t\t<\/div>\n\t\t\t\t\t<\/div>\n\t\t<\/div>\n\t\t\t\t\t<\/div>\n\t\t<\/section>\n\t\t\t\t<section class=\"elementor-section elementor-top-section elementor-element elementor-element-d4152df elementor-section-boxed elementor-section-height-default elementor-section-height-default\" data-id=\"d4152df\" data-element_type=\"section\" data-e-type=\"section\" data-settings=\"{&quot;background_background&quot;:&quot;classic&quot;}\">\n\t\t\t\t\t\t<div class=\"elementor-container elementor-column-gap-wider\">\n\t\t\t\t\t<div class=\"elementor-column elementor-col-50 elementor-top-column elementor-element elementor-element-50dc00a\" data-id=\"50dc00a\" data-element_type=\"column\" data-e-type=\"column\">\n\t\t\t<div class=\"elementor-widget-wrap elementor-element-populated\">\n\t\t\t\t\t\t<div class=\"elementor-element elementor-element-61f8953 elementor-widget elementor-widget-text-editor\" data-id=\"61f8953\" data-element_type=\"widget\" data-e-type=\"widget\" data-widget_type=\"text-editor.default\">\n\t\t\t\t<div class=\"elementor-widget-container\">\n\t\t\t\t\t\t\t\t\t<p><strong>Media Release Distribution:<\/strong><br \/>Maximize the visibility of your music by reaching wider audiences. We manage the distribution of your releases to relevant media outlets, ensuring significant coverage and generating interest in your work.<\/p><p><strong>Digital Royalty Collection on All Platforms:<\/strong><br \/>Don't leave money on the table. We take care of managing and maximizing your digital income across all platforms, ensuring you receive every cent you deserve for your work.<\/p>\t\t\t\t\t\t\t\t<\/div>\n\t\t\t\t<\/div>\n\t\t\t\t\t<\/div>\n\t\t<\/div>\n\t\t\t\t<div class=\"elementor-column elementor-col-50 elementor-top-column elementor-element elementor-element-1dff919\" data-id=\"1dff919\" data-element_type=\"column\" data-e-type=\"column\">\n\t\t\t<div class=\"elementor-widget-wrap elementor-element-populated\">\n\t\t\t\t\t\t<div class=\"elementor-element elementor-element-cebdfbe elementor-widget elementor-widget-text-editor\" data-id=\"cebdfbe\" data-element_type=\"widget\" data-e-type=\"widget\" data-widget_type=\"text-editor.default\">\n\t\t\t\t<div class=\"elementor-widget-container\">\n\t\t\t\t\t\t\t\t\t<p><strong>SoundExchange Royalty Collection:<\/strong><br \/>We optimize the collection of your royalties through SoundExchange, ensuring you receive compensation for the digital transmission of your recordings. Don't miss the opportunity to earn fair income for your music.<\/p>\t\t\t\t\t\t\t\t<\/div>\n\t\t\t\t<\/div>\n\t\t\t\t\t<\/div>\n\t\t<\/div>\n\t\t\t\t\t<\/div>\n\t\t<\/section>\n\t\t\t\t<\/div>","protected":false},"excerpt":{"rendered":"<p>NOSOTROS TE AYUDAMOS En DoremiofaSound nos enorgullece ofrecer una variedad de servicios especializados dise\u00f1ados para potenciar tu carrera musical. Nuestra misi\u00f3n es apoyarte en cada paso de tu trayectoria art\u00edstica, brind\u00e1ndote las herramientas y la asesor\u00eda necesarias para alcanzar el \u00e9xito. Descubre c\u00f3mo podemos colaborar contigo: Vinculaci\u00f3n Art\u00edstica:Con\u00e9ctate con profesionales de la industria musical que [&hellip;]<\/p>\n","protected":false},"author":1,"featured_media":0,"parent":0,"menu_order":0,"comment_status":"closed","ping_status":"closed","template":"elementor_header_footer","meta":{"footnotes":""},"class_list":["post-358","page","type-page","status-publish","hentry"],"_links":{"self":[{"href":"https:\/\/doremifasound.com\/en\/wp-json\/wp\/v2\/pages\/358","targetHints":{"allow":["GET"]}}],"collection":[{"href":"https:\/\/doremifasound.com\/en\/wp-json\/wp\/v2\/pages"}],"about":[{"href":"https:\/\/doremifasound.com\/en\/wp-json\/wp\/v2\/types\/page"}],"author":[{"embeddable":true,"href":"https:\/\/doremifasound.com\/en\/wp-json\/wp\/v2\/users\/1"}],"replies":[{"embeddable":true,"href":"https:\/\/doremifasound.com\/en\/wp-json\/wp\/v2\/comments?post=358"}],"version-history":[{"count":8,"href":"https:\/\/doremifasound.com\/en\/wp-json\/wp\/v2\/pages\/358\/revisions"}],"predecessor-version":[{"id":428,"href":"https:\/\/doremifasound.com\/en\/wp-json\/wp\/v2\/pages\/358\/revisions\/428"}],"wp:attachment":[{"href":"https:\/\/doremifasound.com\/en\/wp-json\/wp\/v2\/media?parent=358"}],"curies":[{"name":"wp","href":"https:\/\/api.w.org\/{rel}","templated":true}]}}